{"id":59,"date":"2019-05-06T11:38:01","date_gmt":"2019-05-06T11:38:01","guid":{"rendered":"http:\/\/onkologie-goch.de\/?page_id=59"},"modified":"2019-05-06T11:38:01","modified_gmt":"2019-05-06T11:38:01","slug":"impressum","status":"publish","type":"page","link":"https:\/\/onkologie-goch.de\/?page_id=59","title":{"rendered":"Impressum"},"content":{"rendered":"\n<p>Dr. med. Iris Blum &amp; Kerstin Grommisch<br>Fach\u00e4rztinnen f\u00fcr Innere Medizin \u2013 Schwerpunkt H\u00e4matologie und Internistische Onkologie<\/p>\n\n\n\n<p>&nbsp;<br>Vo\u00dfheider Str. 214<br>47574 Goch<br>Telefon: 0 28 23 \u2013 891 323<br>Fax: 0 28 23 \u2013 891 346<\/p>\n\n\n\n<p>&nbsp;<br>Angaben gem\u00e4\u00df Teledienstgesetz \u00a7 6 Nr. 5:<\/p>\n\n\n\n<p>Dr. med.Iris Blum &amp;&nbsp;Kerstin Grommisch<br>sind Mitglieder der Landes\u00e4rztekammer Nordrhein (Email: aerztekammer@aekno.de \/ www.aekno.de ), der Bezirks\u00e4rztekammer Kleve und der Kassen\u00e4rztlichen Vereinigung Nordrhein (Email: patienteninformationsdienst@kvno.de \/ www.kvno.de )<br>Die gesetzliche Berufsbezeichnung von Dr. med. Iris Blum und Kerstin Grommisch&nbsp;lautet \u201eArzt\u201c. Sie wurde in der Bundesrepublik Deutschland verliehen.<br>Dr. med.Iris Blum und Kerstin Grommisch&nbsp;unterliegen den berufsrechtlichen Regelungen der Bundes\u00e4rzteordnung (02.10.1961 BGBl I Seite 1857 i. d. jeweils g\u00fcltigen Fassung) bzw. den berufsrechtlichen Regelungen der Berufsordnung der \u00c4rztekammer Nordrhein und des Heilberufsgesetzes Nordrhein-Westfalen (20.10.1978 GVBl S. 649 i.d. Fs d. Artikel 1 d LG v. 21.02.2001 GVBl S. 49). Beide Regelungen k\u00f6nnen in der Bezirks\u00e4rztekammer eingesehen werden.<br>Inhaltlich Verantwortlicher gem\u00e4\u00df \u00a7 10 Absatz 3 MDStV: Dr. med. Iris Blum und Kerstin Grommisch&nbsp;(Anschrift wie oben).<br>Haftungshinweis: Trotz sorgf\u00e4ltiger inhaltlicher Kontrolle \u00fcbernehmen wir keine Haftung f\u00fcr die Inhalte externer Links. F\u00fcr den Inhalt der verlinkten Seiten sind ausschlie\u00dflich deren Betreiber verantwortlich.<\/p>\n","protected":false},"excerpt":{"rendered":"<p>Dr. med. Iris Blum &amp; Kerstin GrommischFach\u00e4rztinnen f\u00fcr Innere Medizin \u2013 Schwerpunkt H\u00e4matologie und Internistische Onkologie &nbsp;Vo\u00dfheider Str. 21447574 GochTelefon: 0 28 23 \u2013 891 323Fax: 0 28 23 \u2013 891 346 &nbsp;Angaben gem\u00e4\u00df Teledienstgesetz \u00a7 6 Nr. 5: Dr. med.Iris Blum &amp;&nbsp;Kerstin Grommischsind Mitglieder der Landes\u00e4rztekammer Nordrhein (Email: aerztekammer@aekno.de \/ www.aekno.de ), der Bezirks\u00e4rztekammer &hellip; <\/p>\n<p class=\"link-more\"><a href=\"https:\/\/onkologie-goch.de\/?page_id=59\" class=\"more-link\"><span class=\"screen-reader-text\">\u201eImpressum\u201c <\/span>weiterlesen<\/a><\/p>\n","protected":false},"author":1,"featured_media":0,"parent":0,"menu_order":0,"comment_status":"closed","ping_status":"closed","template":"","meta":{"footnotes":""},"class_list":["post-59","page","type-page","status-publish","hentry"],"_links":{"self":[{"href":"https:\/\/onkologie-goch.de\/index.php?rest_route=\/wp\/v2\/pages\/59","targetHints":{"allow":["GET"]}}],"collection":[{"href":"https:\/\/onkologie-goch.de\/index.php?rest_route=\/wp\/v2\/pages"}],"about":[{"href":"https:\/\/onkologie-goch.de\/index.php?rest_route=\/wp\/v2\/types\/page"}],"author":[{"embeddable":true,"href":"https:\/\/onkologie-goch.de\/index.php?rest_route=\/wp\/v2\/users\/1"}],"replies":[{"embeddable":true,"href":"https:\/\/onkologie-goch.de\/index.php?rest_route=%2Fwp%2Fv2%2Fcomments&post=59"}],"version-history":[{"count":1,"href":"https:\/\/onkologie-goch.de\/index.php?rest_route=\/wp\/v2\/pages\/59\/revisions"}],"predecessor-version":[{"id":60,"href":"https:\/\/onkologie-goch.de\/index.php?rest_route=\/wp\/v2\/pages\/59\/revisions\/60"}],"wp:attachment":[{"href":"https:\/\/onkologie-goch.de\/index.php?rest_route=%2Fwp%2Fv2%2Fmedia&parent=59"}],"curies":[{"name":"wp","href":"https:\/\/api.w.org\/{rel}","templated":true}]}}