{"id":53,"date":"2019-05-06T11:35:00","date_gmt":"2019-05-06T11:35:00","guid":{"rendered":"http:\/\/onkologie-goch.de\/?page_id=53"},"modified":"2019-05-07T09:49:17","modified_gmt":"2019-05-07T09:49:17","slug":"kooperationen","status":"publish","type":"page","link":"https:\/\/onkologie-goch.de\/?page_id=53","title":{"rendered":"Kooperationen"},"content":{"rendered":"\n<p>Die Praxis f\u00fcr H\u00e4matologie und internistische Onkologie unterh\u00e4lt eine Kooperation mit der onkologischen Abteilung des&nbsp;<a href=\"http:\/\/www.kkle.de\/wah\/onkologie.html\" target=\"_blank\" rel=\"noreferrer noopener\">WAH in Goch<\/a>&nbsp;unter der Leitung von Prof. Dr. Volker Runde.<\/p>\n\n\n\n<figure class=\"wp-block-image\"><img loading=\"lazy\" decoding=\"async\" width=\"321\" height=\"241\" src=\"https:\/\/onkologie-goch.de\/wp-content\/uploads\/2019\/05\/Kooperationen.jpg\" alt=\"\" class=\"wp-image-86\" srcset=\"https:\/\/onkologie-goch.de\/wp-content\/uploads\/2019\/05\/Kooperationen.jpg 321w, https:\/\/onkologie-goch.de\/wp-content\/uploads\/2019\/05\/Kooperationen-300x225.jpg 300w\" sizes=\"auto, (max-width: 321px) 100vw, 321px\" \/><\/figure>\n\n\n\n<p>Eine enge Zusammenarbeit existiert mit dem<a href=\"http:\/\/www.brustzentrum-linker-niederrhein.de\/\" target=\"_blank\" rel=\"noreferrer noopener\">&nbsp;Brustzentrum Linker Niederrhein<\/a>. Nach gemeinsamer Festlegung des Therapiekonzeptes in der Tumorkonferenz werden die ambulant durchf\u00fchrbaren Chemotherapien in der Praxis durchgef\u00fchrt.<\/p>\n","protected":false},"excerpt":{"rendered":"<p>Die Praxis f\u00fcr H\u00e4matologie und internistische Onkologie unterh\u00e4lt eine Kooperation mit der onkologischen Abteilung des&nbsp;WAH in Goch&nbsp;unter der Leitung von Prof. Dr. Volker Runde. Eine enge Zusammenarbeit existiert mit dem&nbsp;Brustzentrum Linker Niederrhein. Nach gemeinsamer Festlegung des Therapiekonzeptes in der Tumorkonferenz werden die ambulant durchf\u00fchrbaren Chemotherapien in der Praxis durchgef\u00fchrt.<\/p>\n","protected":false},"author":1,"featured_media":0,"parent":0,"menu_order":0,"comment_status":"closed","ping_status":"closed","template":"","meta":{"footnotes":""},"class_list":["post-53","page","type-page","status-publish","hentry"],"_links":{"self":[{"href":"https:\/\/onkologie-goch.de\/index.php?rest_route=\/wp\/v2\/pages\/53","targetHints":{"allow":["GET"]}}],"collection":[{"href":"https:\/\/onkologie-goch.de\/index.php?rest_route=\/wp\/v2\/pages"}],"about":[{"href":"https:\/\/onkologie-goch.de\/index.php?rest_route=\/wp\/v2\/types\/page"}],"author":[{"embeddable":true,"href":"https:\/\/onkologie-goch.de\/index.php?rest_route=\/wp\/v2\/users\/1"}],"replies":[{"embeddable":true,"href":"https:\/\/onkologie-goch.de\/index.php?rest_route=%2Fwp%2Fv2%2Fcomments&post=53"}],"version-history":[{"count":3,"href":"https:\/\/onkologie-goch.de\/index.php?rest_route=\/wp\/v2\/pages\/53\/revisions"}],"predecessor-version":[{"id":87,"href":"https:\/\/onkologie-goch.de\/index.php?rest_route=\/wp\/v2\/pages\/53\/revisions\/87"}],"wp:attachment":[{"href":"https:\/\/onkologie-goch.de\/index.php?rest_route=%2Fwp%2Fv2%2Fmedia&parent=53"}],"curies":[{"name":"wp","href":"https:\/\/api.w.org\/{rel}","templated":true}]}}