{"id":44,"date":"2019-05-06T11:25:51","date_gmt":"2019-05-06T11:25:51","guid":{"rendered":"http:\/\/onkologie-goch.de\/?page_id=44"},"modified":"2019-05-06T14:26:31","modified_gmt":"2019-05-06T14:26:31","slug":"untersuchungen","status":"publish","type":"page","link":"https:\/\/onkologie-goch.de\/?page_id=44","title":{"rendered":"Untersuchungen"},"content":{"rendered":"\n<p>In der Praxis werden folgende Untersuchungen durchgef\u00fchrt:<\/p>\n\n\n\n<ul class=\"wp-block-list\"><li>H\u00e4matologisches Sofortlabor<\/li><\/ul>\n\n\n\n<ul class=\"wp-block-list\"><li>Durchf\u00fchrung von Knochenmarkspunktionen einschlie\u00dflich mikroskopischer Befundung der Knochenmarksausstriche<\/li><\/ul>\n\n\n\n<ul class=\"wp-block-list\"><li>Ultraschalluntersuchungen (Bauchorgane, Lymphknoten)<\/li><\/ul>\n\n\n\n<ul class=\"wp-block-list\"><li>Punktionen von Aszites (bei Fl\u00fcssigkeitsansammlungen im Bauchbereich)<\/li><\/ul>\n\n\n\n<ul class=\"wp-block-list\"><li>Pleurapunktionen (bei Fl\u00fcssigkeitsansammlungen in der Lunge)<\/li><\/ul>\n\n\n\n<ul class=\"wp-block-list\"><li>EKG<\/li><\/ul>\n","protected":false},"excerpt":{"rendered":"<p>In der Praxis werden folgende Untersuchungen durchgef\u00fchrt: H\u00e4matologisches Sofortlabor Durchf\u00fchrung von Knochenmarkspunktionen einschlie\u00dflich mikroskopischer Befundung der Knochenmarksausstriche Ultraschalluntersuchungen (Bauchorgane, Lymphknoten) Punktionen von Aszites (bei Fl\u00fcssigkeitsansammlungen im Bauchbereich) Pleurapunktionen (bei Fl\u00fcssigkeitsansammlungen in der Lunge) EKG<\/p>\n","protected":false},"author":1,"featured_media":0,"parent":0,"menu_order":0,"comment_status":"closed","ping_status":"closed","template":"","meta":{"footnotes":""},"class_list":["post-44","page","type-page","status-publish","hentry"],"_links":{"self":[{"href":"https:\/\/onkologie-goch.de\/index.php?rest_route=\/wp\/v2\/pages\/44","targetHints":{"allow":["GET"]}}],"collection":[{"href":"https:\/\/onkologie-goch.de\/index.php?rest_route=\/wp\/v2\/pages"}],"about":[{"href":"https:\/\/onkologie-goch.de\/index.php?rest_route=\/wp\/v2\/types\/page"}],"author":[{"embeddable":true,"href":"https:\/\/onkologie-goch.de\/index.php?rest_route=\/wp\/v2\/users\/1"}],"replies":[{"embeddable":true,"href":"https:\/\/onkologie-goch.de\/index.php?rest_route=%2Fwp%2Fv2%2Fcomments&post=44"}],"version-history":[{"count":2,"href":"https:\/\/onkologie-goch.de\/index.php?rest_route=\/wp\/v2\/pages\/44\/revisions"}],"predecessor-version":[{"id":76,"href":"https:\/\/onkologie-goch.de\/index.php?rest_route=\/wp\/v2\/pages\/44\/revisions\/76"}],"wp:attachment":[{"href":"https:\/\/onkologie-goch.de\/index.php?rest_route=%2Fwp%2Fv2%2Fmedia&parent=44"}],"curies":[{"name":"wp","href":"https:\/\/api.w.org\/{rel}","templated":true}]}}