{"id":36,"date":"2019-05-06T11:18:23","date_gmt":"2019-05-06T11:18:23","guid":{"rendered":"http:\/\/onkologie-goch.de\/?page_id=36"},"modified":"2019-05-06T11:18:23","modified_gmt":"2019-05-06T11:18:23","slug":"anmeldung","status":"publish","type":"page","link":"https:\/\/onkologie-goch.de\/?page_id=36","title":{"rendered":"Anmeldung"},"content":{"rendered":"\n<p>Das Praxisteam steht t\u00e4glich in der Zeit<\/p>\n\n\n\n<p><strong>Montag-Donnerstag von 9-16 Uhr, Freitag von 9-15 Uhr<\/strong><\/p>\n\n\n\n<p>Tel.: 02823-891-323 zur Verf\u00fcgung.<\/p>\n\n\n\n<p>F\u00fcr die Behandlung wird eine \u00dcberweisung, zumeist vom Hausarzt (auch Facharzt m\u00f6glich), ben\u00f6tigt.<\/p>\n\n\n\n<p>Bei einer Erstvorstellung in der Praxis bringen Sie bitte alle Ihnen zur Verf\u00fcgung stehenden Unterlagen (Arztberichte, Befunde) mit, oder bitten Sie Ihren Hausarzt diese zur Verf\u00fcgung zu stellen, da ohne Unterlagen die Einsch\u00e4tzung der Situation oft nicht m\u00f6glich ist. Falls zur Verf\u00fcgung steht, ist eine \u00dcbermittlung per Fax, einige Tage vor dem Besuch, sehr hilfreich.<\/p>\n","protected":false},"excerpt":{"rendered":"<p>Das Praxisteam steht t\u00e4glich in der Zeit Montag-Donnerstag von 9-16 Uhr, Freitag von 9-15 Uhr Tel.: 02823-891-323 zur Verf\u00fcgung. F\u00fcr die Behandlung wird eine \u00dcberweisung, zumeist vom Hausarzt (auch Facharzt m\u00f6glich), ben\u00f6tigt. Bei einer Erstvorstellung in der Praxis bringen Sie bitte alle Ihnen zur Verf\u00fcgung stehenden Unterlagen (Arztberichte, Befunde) mit, oder bitten Sie Ihren Hausarzt &hellip; <\/p>\n<p class=\"link-more\"><a href=\"https:\/\/onkologie-goch.de\/?page_id=36\" class=\"more-link\"><span class=\"screen-reader-text\">\u201eAnmeldung\u201c <\/span>weiterlesen<\/a><\/p>\n","protected":false},"author":1,"featured_media":0,"parent":0,"menu_order":0,"comment_status":"closed","ping_status":"closed","template":"","meta":{"footnotes":""},"class_list":["post-36","page","type-page","status-publish","hentry"],"_links":{"self":[{"href":"https:\/\/onkologie-goch.de\/index.php?rest_route=\/wp\/v2\/pages\/36","targetHints":{"allow":["GET"]}}],"collection":[{"href":"https:\/\/onkologie-goch.de\/index.php?rest_route=\/wp\/v2\/pages"}],"about":[{"href":"https:\/\/onkologie-goch.de\/index.php?rest_route=\/wp\/v2\/types\/page"}],"author":[{"embeddable":true,"href":"https:\/\/onkologie-goch.de\/index.php?rest_route=\/wp\/v2\/users\/1"}],"replies":[{"embeddable":true,"href":"https:\/\/onkologie-goch.de\/index.php?rest_route=%2Fwp%2Fv2%2Fcomments&post=36"}],"version-history":[{"count":1,"href":"https:\/\/onkologie-goch.de\/index.php?rest_route=\/wp\/v2\/pages\/36\/revisions"}],"predecessor-version":[{"id":37,"href":"https:\/\/onkologie-goch.de\/index.php?rest_route=\/wp\/v2\/pages\/36\/revisions\/37"}],"wp:attachment":[{"href":"https:\/\/onkologie-goch.de\/index.php?rest_route=%2Fwp%2Fv2%2Fmedia&parent=36"}],"curies":[{"name":"wp","href":"https:\/\/api.w.org\/{rel}","templated":true}]}}